{"id":3,"date":"2007-08-05T13:38:32","date_gmt":"2007-08-05T11:38:32","guid":{"rendered":"http:\/\/www.ogv-steinheim.de\/?page_id=3"},"modified":"2026-01-19T20:32:40","modified_gmt":"2026-01-19T19:32:40","slug":"impressum","status":"publish","type":"page","link":"https:\/\/www.ogv-steinheim.de\/?page_id=3","title":{"rendered":"Impressum"},"content":{"rendered":"<p><strong>Obst- und Gartenbauverein e.V. Steinheim\/Albuch<br \/>\n<\/strong><\/p>\n<p>Vertreten durch den 1. Vorsitzenden<br \/>\nFrieder Maier<br \/>\nMartin-Luther-Weg 8, D-89555 Steinheim<br \/>\nTel. +49 7329 919924<\/p>\n<p>E-Mail <a href=\"mailto:vorstand@ogv-steinheim.de\">vorstand@ogv-steinheim.de<\/a><br \/>\nInternet <a href=\"http:\/\/www.ogv-steinheim.de\/\/\" target=\"_parent\" rel=\"noopener noreferrer\">www.ogv-steinheim.de<\/a><\/p>\n<p>Eingetragen im Vereinsregister des Amtsgerichts Ulm VR 660037<\/p>\n<p>Verantwortlich f\u00fcr den Inhalt (gem. \u00a7 55 Abs. 2 RStV):<br \/>\nJochen Maier<br \/>\nZiegel\u00e4cker 62, D-89520 Heidenheim<br \/>\nE-Mail <a title=\"Mail an den Webmaster\" href=\"mailto:webmaster@ogv-steinheim.de\">webmaster@ogv-steinheim.de<\/a><\/p>\n<hr \/>\n<p><strong>Haftung<\/strong><\/p>\n<p class=\"pagecontent\"><em>Externe Links<\/em><\/p>\n<p>Die Inhalte externer Links werden von uns nicht gepr\u00fcft. Sie unterliegen der Haftung der jeweiligen Anbieter.<\/p>\n<p><em>Informationen auf dieser Website<\/em><\/p>\n<p>Die Inhalte dieser Website werden mit gr\u00f6\u00dftm\u00f6glicher Sorgfalt recherchiert. Gleichwohl \u00fcbernimmt der Anbieter keine Haftung f\u00fcr die Richtigkeit, Vollst\u00e4ndigkeit und Aktualit\u00e4t der bereit gestellten Informationen.<\/p>\n<p><strong>Datenschutzhinweise<\/strong><\/p>\n<p>Erhoben und gespeichert werden lediglich statistische Daten \u00fcber Zugriffe auf dieser Website ohne konkreten Personenbezug (Zahl der abgerufenen Seiten pro Tag und Woche, Rangfolge der besuchten Seiten, Rangfolge der angeklickten Links zu externen Seiten). Dies geschieht in \u00dcbereinstimmung mit den geltenden Datenschutzgesetzen. Uns ist insbesondere nicht bekannt, wer sich wie lange auf unseren Seiten eingew\u00e4hlt hat und wie sich der- oder diejenige im Rahmen der Seitenbesuche verhalten hat.<\/p>\n<p>Alle auf dieser Website genannten Personen widersprechen hiermit jeder kommerziellen Verwendung und Weitergabe ihrer Daten (vgl. \u00a7 28 BDSG).<\/p>\n<p>All persons who are mentioned on this website strongly object any use of their addresses for commercial purposes (\u00a7 28 of the German Federal Law on the Protection of Privacy).<\/p>\n<p><strong>Urheberrechtshinweise<\/strong><\/p>\n<p>Alle auf dieser Website ver\u00f6ffentlichten Beitr\u00e4ge und Abbildungen sind urheberrechtlich gesch\u00fctzt. Jede vom Urheberrechtsgesetz nicht zugelassene Verwertung bedarf vorheriger schriftlicher Zustimmung der Anbieter. Dies gilt insbesondere f\u00fcr Vervielf\u00e4ltigung, Bearbeitung, \u00dcbersetzung, Einspeicherung, Verarbeitung bzw. Wiedergabe von Inhalten in Datenbanken oder anderen elektronischen Medien und Systemen. Fotokopien und Downloads von Web-Seiten d\u00fcrfen nur f\u00fcr den pers\u00f6nlichen, privaten und nicht kommerziellen Gebrauch hergestellt werden.<\/p>\n","protected":false},"excerpt":{"rendered":"<p>Obst- und Gartenbauverein e.V. Steinheim\/Albuch Vertreten durch den 1. Vorsitzenden Frieder Maier Martin-Luther-Weg 8, D-89555 Steinheim Tel. +49 7329 919924 E-Mail vorstand@ogv-steinheim.de Internet www.ogv-steinheim.de Eingetragen im Vereinsregister des Amtsgerichts Ulm VR 660037 Verantwortlich f\u00fcr den Inhalt (gem. \u00a7 55 Abs. 2 RStV): Jochen Maier Ziegel\u00e4cker 62, D-89520 Heidenheim E-Mail webmaster@ogv-steinheim.de Haftung Externe Links Die Inhalte &hellip; <\/p>\n<p class=\"link-more\"><a href=\"https:\/\/www.ogv-steinheim.de\/?page_id=3\" class=\"more-link\"><span class=\"screen-reader-text\">\u201eImpressum\u201c <\/span>weiterlesen<\/a><\/p>\n","protected":false},"author":88892,"featured_media":0,"parent":0,"menu_order":0,"comment_status":"closed","ping_status":"open","template":"","meta":{"footnotes":""},"class_list":["post-3","page","type-page","status-publish","hentry"],"_links":{"self":[{"href":"https:\/\/www.ogv-steinheim.de\/index.php?rest_route=\/wp\/v2\/pages\/3","targetHints":{"allow":["GET"]}}],"collection":[{"href":"https:\/\/www.ogv-steinheim.de\/index.php?rest_route=\/wp\/v2\/pages"}],"about":[{"href":"https:\/\/www.ogv-steinheim.de\/index.php?rest_route=\/wp\/v2\/types\/page"}],"author":[{"embeddable":true,"href":"https:\/\/www.ogv-steinheim.de\/index.php?rest_route=\/wp\/v2\/users\/88892"}],"replies":[{"embeddable":true,"href":"https:\/\/www.ogv-steinheim.de\/index.php?rest_route=%2Fwp%2Fv2%2Fcomments&post=3"}],"version-history":[{"count":6,"href":"https:\/\/www.ogv-steinheim.de\/index.php?rest_route=\/wp\/v2\/pages\/3\/revisions"}],"predecessor-version":[{"id":669,"href":"https:\/\/www.ogv-steinheim.de\/index.php?rest_route=\/wp\/v2\/pages\/3\/revisions\/669"}],"wp:attachment":[{"href":"https:\/\/www.ogv-steinheim.de\/index.php?rest_route=%2Fwp%2Fv2%2Fmedia&parent=3"}],"curies":[{"name":"wp","href":"https:\/\/api.w.org\/{rel}","templated":true}]}}